{"id":1190,"date":"2021-04-26T11:28:12","date_gmt":"2021-04-26T08:28:12","guid":{"rendered":"https:\/\/kalamatadancefestival.gr\/workshops\/"},"modified":"2021-05-31T10:32:39","modified_gmt":"2021-05-31T07:32:39","slug":"workshops","status":"publish","type":"page","link":"https:\/\/2021.kalamatadancefestival.gr\/en\/workshops\/","title":{"rendered":"KDF professionals"},"content":{"rendered":"<section class=\"wpb-content-wrapper\"><p>[vc_row css_animation=&#8221;fadeInUp&#8221; bg_type=&#8221;bg_color&#8221; bg_override=&#8221;full&#8221; bg_color_value=&#8221;#ffff00&#8243;][vc_column][vc_column_text]<\/p>\n<h1><span style=\"display: block; font-weight: normal;\">KDF<\/span>professionals<\/h1>\n<p><img loading=\"lazy\" decoding=\"async\" class=\"alignnone wp-image-97\" style=\"transform: scaleX(-1);\" role=\"img\" src=\"https:\/\/2021.kalamatadancefestival.gr\/wp-content\/uploads\/\/2021\/04\/icon_arrow.svg\" alt=\"\" width=\"107\" height=\"20\" \/>[\/vc_column_text][\/vc_column][\/vc_row][vc_row css_animation=&#8221;fadeInUp&#8221;][vc_column][vc_column_text]\r\n<style>\r\n\r\n    .custom-bg {\r\n        position: relative;\r\n        width: 100%;\r\n    }\r\n\r\n\r\n\r\n    .custom-bg .overlay {\r\n        position: absolute;\r\n        bottom: 100%;\r\n        left: 0;\r\n        right: 0;\r\n        background-color: #ffff017a;\r\n        overflow: hidden;\r\n        width: 100%;\r\n        height:0;\r\n        transition: .5s ease;\r\n    }\r\n\r\n    .custom-bg:hover .overlay {\r\n        bottom: 0;\r\n        height: 100%;\r\n    }\r\n\r\n    .custom-bg .text {\r\n        position: absolute;\r\n        top: 50%;\r\n        left: 50%;\r\n        -webkit-transform: translate(-50%, -50%);\r\n        -ms-transform: translate(-50%, -50%);\r\n        transform: translate(-50%, -50%);\r\n        text-align: center;\r\n    }\r\n\r\n\r\n    @media screen and (min-width: 900px) {\r\n        #workshops {display: grid; grid-template-columns: repeat(3, 30%); column-gap: 40px; row-gap: 60px;}\r\n    }\r\n\r\n    @media screen and (max-width: 900px) and (min-width: 600px) {\r\n        #workshops {\r\n            display: grid;\r\n            grid-template-columns: repeat(2, 46%);\r\n            column-gap: 40px;\r\n            row-gap: 60px;\r\n        }\r\n    }\r\n\r\n    @media screen and (max-width: 600px) {\r\n        #workshops {\r\n            display: grid;\r\n            grid-template-columns: repeat(1, 100%);\r\n            column-gap: 40px;\r\n            row-gap: 60px;\r\n        }\r\n    }\r\n\r\n    .services-search button {background: #f2f2f2; border: 0 !important; padding: 5px 10px !important;}\r\n    .services-search button:hover, .services-search .jplist-selected {background: #ffff01;}\r\n    .services-search {margin-bottom: 35px;}\r\n<\/style>\r\n\r\n\r\n\r\n\r\n \r\n\r\n\r\n<div class=\"services-search\">\r\n    <button data-jplist-control=\"buttons-text-filter\" data-path=\"default\" data-group=\"group1\" name=\"name1\" data-mode=\"radio\" data-selected=\"true\" class=\"jplist-button\">All venues<\/button>\r\n    <button data-jplist-control=\"buttons-text-filter\" data-path=\".main\" data-group=\"group1\" name=\"name1\" data-mode=\"radio\" class=\"jplist-button\">Main Stage<\/button>\r\n\r\n    <button data-jplist-control=\"buttons-text-filter\" data-path=\".black\" data-group=\"group1\" name=\"name1\" data-mode=\"radio\" class=\"jplist-button\">Black Box<\/button>\r\n\r\n\r\n    <button data-jplist-control=\"buttons-text-filter\" data-path=\".city\" data-group=\"group1\" name=\"name1\" data-mode=\"radio\" class=\"jplist-button\">Dance in the city<\/button>\r\n\r\n    <button data-jplist-control=\"buttons-text-filter\" data-path=\".side\" data-group=\"group1\" name=\"name1\" data-mode=\"radio\" class=\"jplist-button\">Side events<\/button>\r\n<\/div>\r\n\r\n\r\n\r\n\r\n\r\n\r\n\r\n<div id=\"workshops\" data-jplist-group=\"group1\" class=\"card-container\">\r\n\r\n    \r\n        <div data-jplist-item class=\"item\" style=\"position: relative;\">\r\n        <div class=\"card workshops\">\r\n            <a href=\"https:\/\/2021.kalamatadancefestival.gr\/en\/workshops\/jos-baker\/\" style=\"text-decoration: none;\">\r\n                                        \r\n                    <div class=\"custom-bg\">\r\n                        <img decoding=\"async\" src=\"https:\/\/2021.kalamatadancefestival.gr\/wp-content\/uploads\/2021\/05\/workshop_xl_jos_baker_photo_by_albert_vidal-1-1024x675.jpg\" style=\"width: 100%; display:block;\">\r\n                        <div class=\"overlay\">\r\n                            <div class=\"text\"><img decoding=\"async\" src=\"https:\/\/2021.kalamatadancefestival.gr\/wp-content\/uploads\/2021\/04\/kdf_27_logo.svg\" style=\"width: 100%;\"><\/div>\r\n                        <\/div>\r\n                    <\/div>\r\n                \r\n                \r\n                \r\n                <div class=\"card-section\" style=\"padding: 30px 0 0 0;\">\r\n                    <p class=\"card-title\" style=\"font-weight: bold; margin: 0;\"> 16.7-20.7 <\/p>\r\n                    <p class=\"card-title\"> Kalamata Municipal Stadium <\/p>\r\n                    <p class=\"card-title\" style=\"font-size: 30px; line-height: 40px; font-weight: bold; text-transform: uppercase;\"> Jos Baker <\/p>\r\n                    <p class=\"card-title\" style=\"font-style: italic;background: #ffff01;padding: 0 5px;font-weight: bold;display: inline-block;font-size: 19px;\"> PHYSICOLOGY <\/p>\r\n                <\/div>\r\n            <\/a>\r\n        <\/div>\r\n        <\/div>\r\n        <div data-jplist-item class=\"item\" style=\"position: relative;\">\r\n        <div class=\"card workshops\">\r\n            <a href=\"https:\/\/2021.kalamatadancefestival.gr\/en\/workshops\/livia-balazova-mm\/\" style=\"text-decoration: none;\">\r\n                                        \r\n                    <div class=\"custom-bg\">\r\n                        <img decoding=\"async\" src=\"https:\/\/2021.kalamatadancefestival.gr\/wp-content\/uploads\/2021\/05\/performances_xl_livia_balazova_photo_by_marek_ganc-1024x675.jpg\" style=\"width: 100%; display:block;\">\r\n                        <div class=\"overlay\">\r\n                            <div class=\"text\"><img decoding=\"async\" src=\"https:\/\/2021.kalamatadancefestival.gr\/wp-content\/uploads\/2021\/04\/kdf_27_logo.svg\" style=\"width: 100%;\"><\/div>\r\n                        <\/div>\r\n                    <\/div>\r\n                \r\n                \r\n                \r\n                <div class=\"card-section\" style=\"padding: 30px 0 0 0;\">\r\n                    <p class=\"card-title\" style=\"font-weight: bold; margin: 0;\"> 18-20.7 | 22-25.7  <\/p>\r\n                    <p class=\"card-title\"> Kalamata Municipal Stadium <\/p>\r\n                    <p class=\"card-title\" style=\"font-size: 30px; line-height: 40px; font-weight: bold; text-transform: uppercase;\"> L\u00edvia Bal\u00e1\u017eov\u00e1 MM <\/p>\r\n                    <p class=\"card-title\" style=\"font-style: italic;background: #ffff01;padding: 0 5px;font-weight: bold;display: inline-block;font-size: 19px;\"> MINDCROSS <\/p>\r\n                <\/div>\r\n            <\/a>\r\n        <\/div>\r\n        <\/div>\r\n        <div data-jplist-item class=\"item\" style=\"position: relative;\">\r\n        <div class=\"card masterclass\">\r\n            <a href=\"https:\/\/2021.kalamatadancefestival.gr\/en\/workshops\/akira-yoshida\/\" style=\"text-decoration: none;\">\r\n                                        \r\n                    <div class=\"custom-bg\">\r\n                        <img decoding=\"async\" src=\"https:\/\/2021.kalamatadancefestival.gr\/wp-content\/uploads\/2021\/05\/workshop_xl_akira_yoshida_photo_by_barlas_sahinoglu-1-1024x675.jpg\" style=\"width: 100%; display:block;\">\r\n                        <div class=\"overlay\">\r\n                            <div class=\"text\"><img decoding=\"async\" src=\"https:\/\/2021.kalamatadancefestival.gr\/wp-content\/uploads\/2021\/04\/kdf_27_logo.svg\" style=\"width: 100%;\"><\/div>\r\n                        <\/div>\r\n                    <\/div>\r\n                \r\n                \r\n                \r\n                <div class=\"card-section\" style=\"padding: 30px 0 0 0;\">\r\n                    <p class=\"card-title\" style=\"font-weight: bold; margin: 0;\"> 22.7  <\/p>\r\n                    <p class=\"card-title\"> Kalamata Municipal Stadium <\/p>\r\n                    <p class=\"card-title\" style=\"font-size: 30px; line-height: 40px; font-weight: bold; text-transform: uppercase;\"> Akira Yoshida <\/p>\r\n                    <p class=\"card-title\" style=\"font-style: italic;background: #ffff01;padding: 0 5px;font-weight: bold;display: inline-block;font-size: 19px;\"> UP, BUT DOWN, BUT FAST, BUT SLOW, BUT WILD, BUT SENSITIVE <\/p>\r\n                <\/div>\r\n            <\/a>\r\n        <\/div>\r\n        <\/div>\r\n        <div data-jplist-item class=\"item\" style=\"position: relative;\">\r\n        <div class=\"card masterclass\">\r\n            <a href=\"https:\/\/2021.kalamatadancefestival.gr\/en\/workshops\/chey-jurado\/\" style=\"text-decoration: none;\">\r\n                                        \r\n                    <div class=\"custom-bg\">\r\n                        <img decoding=\"async\" src=\"https:\/\/2021.kalamatadancefestival.gr\/wp-content\/uploads\/2021\/05\/workshop_xl_chey_jurado_photo_by_ale_carmona-1-1024x675.jpg\" style=\"width: 100%; display:block;\">\r\n                        <div class=\"overlay\">\r\n                            <div class=\"text\"><img decoding=\"async\" src=\"https:\/\/2021.kalamatadancefestival.gr\/wp-content\/uploads\/2021\/04\/kdf_27_logo.svg\" style=\"width: 100%;\"><\/div>\r\n                        <\/div>\r\n                    <\/div>\r\n                \r\n                \r\n                \r\n                <div class=\"card-section\" style=\"padding: 30px 0 0 0;\">\r\n                    <p class=\"card-title\" style=\"font-weight: bold; margin: 0;\"> 23.7  <\/p>\r\n                    <p class=\"card-title\"> Kalamata Municipal Stadium <\/p>\r\n                    <p class=\"card-title\" style=\"font-size: 30px; line-height: 40px; font-weight: bold; text-transform: uppercase;\"> Chey Jurado <\/p>\r\n                    <p class=\"card-title\" style=\"font-style: italic;background: #ffff01;padding: 0 5px;font-weight: bold;display: inline-block;font-size: 19px;\"> SENSITIVE SKILLS <\/p>\r\n                <\/div>\r\n            <\/a>\r\n        <\/div>\r\n        <\/div>\r\n        <div data-jplist-item class=\"item\" style=\"position: relative;\">\r\n        <div class=\"card masterclass\">\r\n            <a href=\"https:\/\/2021.kalamatadancefestival.gr\/en\/workshops\/jozef-frucek\/\" style=\"text-decoration: none;\">\r\n                                        \r\n                    <div class=\"custom-bg\">\r\n                        <img decoding=\"async\" src=\"https:\/\/2021.kalamatadancefestival.gr\/wp-content\/uploads\/2021\/05\/workshop_xl_jozef_frucek_photo_by_albert_vidal-1-1024x675.jpg\" style=\"width: 100%; display:block;\">\r\n                        <div class=\"overlay\">\r\n                            <div class=\"text\"><img decoding=\"async\" src=\"https:\/\/2021.kalamatadancefestival.gr\/wp-content\/uploads\/2021\/04\/kdf_27_logo.svg\" style=\"width: 100%;\"><\/div>\r\n                        <\/div>\r\n                    <\/div>\r\n                \r\n                \r\n                \r\n                <div class=\"card-section\" style=\"padding: 30px 0 0 0;\">\r\n                    <p class=\"card-title\" style=\"font-weight: bold; margin: 0;\"> 16.7 -17.7 <\/p>\r\n                    <p class=\"card-title\"> Kalamata Municipal Stadium <\/p>\r\n                    <p class=\"card-title\" style=\"font-size: 30px; line-height: 40px; font-weight: bold; text-transform: uppercase;\"> Jozef Fru\u010dek <\/p>\r\n                    <p class=\"card-title\" style=\"font-style: italic;background: #ffff01;padding: 0 5px;font-weight: bold;display: inline-block;font-size: 19px;\"> FIGHTING MONKEY PRACTICE \u2013 COORDINATIONS <\/p>\r\n                <\/div>\r\n            <\/a>\r\n        <\/div>\r\n        <\/div>\r\n        <div data-jplist-item class=\"item\" style=\"position: relative;\">\r\n        <div class=\"card masterclass\">\r\n            <a href=\"https:\/\/2021.kalamatadancefestival.gr\/en\/workshops\/linda-kapetanea\/\" style=\"text-decoration: none;\">\r\n                                        \r\n                    <div class=\"custom-bg\">\r\n                        <img decoding=\"async\" src=\"https:\/\/2021.kalamatadancefestival.gr\/wp-content\/uploads\/2021\/05\/workshop_xl_linda_kapetanea_photo_by_albert_vidal-1-1024x675.jpg\" style=\"width: 100%; display:block;\">\r\n                        <div class=\"overlay\">\r\n                            <div class=\"text\"><img decoding=\"async\" src=\"https:\/\/2021.kalamatadancefestival.gr\/wp-content\/uploads\/2021\/04\/kdf_27_logo.svg\" style=\"width: 100%;\"><\/div>\r\n                        <\/div>\r\n                    <\/div>\r\n                \r\n                \r\n                \r\n                <div class=\"card-section\" style=\"padding: 30px 0 0 0;\">\r\n                    <p class=\"card-title\" style=\"font-weight: bold; margin: 0;\"> 25.7  <\/p>\r\n                    <p class=\"card-title\"> Kalamata Municipal Stadium <\/p>\r\n                    <p class=\"card-title\" style=\"font-size: 30px; line-height: 40px; font-weight: bold; text-transform: uppercase;\"> Linda Kapetanea <\/p>\r\n                    <p class=\"card-title\" style=\"font-style: italic;background: #ffff01;padding: 0 5px;font-weight: bold;display: inline-block;font-size: 19px;\"> FIGHTING MONKEY PRACTICE \u2013 FROM THE OTHER SIDE <\/p>\r\n                <\/div>\r\n            <\/a>\r\n        <\/div>\r\n        <\/div>\r\n        <div data-jplist-item class=\"item\" style=\"position: relative;\">\r\n        <div class=\"card masterclass\">\r\n            <a href=\"https:\/\/2021.kalamatadancefestival.gr\/en\/workshops\/qdance-company-adila-omotosho\/\" style=\"text-decoration: none;\">\r\n                                        \r\n                    <div class=\"custom-bg\">\r\n                        <img decoding=\"async\" src=\"https:\/\/2021.kalamatadancefestival.gr\/wp-content\/uploads\/2021\/05\/workshop_xl_qdance_company_photo_by_herve_veronese-1-1024x675.jpg\" style=\"width: 100%; display:block;\">\r\n                        <div class=\"overlay\">\r\n                            <div class=\"text\"><img decoding=\"async\" src=\"https:\/\/2021.kalamatadancefestival.gr\/wp-content\/uploads\/2021\/04\/kdf_27_logo.svg\" style=\"width: 100%;\"><\/div>\r\n                        <\/div>\r\n                    <\/div>\r\n                \r\n                \r\n                \r\n                <div class=\"card-section\" style=\"padding: 30px 0 0 0;\">\r\n                    <p class=\"card-title\" style=\"font-weight: bold; margin: 0;\"> 24.7  <\/p>\r\n                    <p class=\"card-title\"> Kalamata Municipal Stadium <\/p>\r\n                    <p class=\"card-title\" style=\"font-size: 30px; line-height: 40px; font-weight: bold; text-transform: uppercase;\"> Adila Omotosho \/ The QDance Company <\/p>\r\n                    <p class=\"card-title\" style=\"font-style: italic;background: #ffff01;padding: 0 5px;font-weight: bold;display: inline-block;font-size: 19px;\"> MASTERCLASS <\/p>\r\n                <\/div>\r\n            <\/a>\r\n        <\/div>\r\n        <\/div>            <\/div>\r\n\r\n<script> jplist.init();<\/script>[\/vc_column_text][\/vc_column][\/vc_row]<\/p>\n<\/section>","protected":false},"excerpt":{"rendered":"<p>[vc_row css_animation=&#8221;fadeInUp&#8221; bg_type=&#8221;bg_color&#8221; bg_override=&#8221;full&#8221; bg_color_value=&#8221;#ffff00&#8243;][vc_column][vc_column_text] KDFprofessionals [\/vc_column_text][\/vc_column][\/vc_row][vc_row css_animation=&#8221;fadeInUp&#8221;][vc_column][vc_column_text][\/vc_column_text][\/vc_column][\/vc_row]<\/p>\n","protected":false},"author":1,"featured_media":2174,"parent":0,"menu_order":0,"comment_status":"closed","ping_status":"closed","template":"","meta":{"footnotes":""},"class_list":["post-1190","page","type-page","status-publish","has-post-thumbnail","hentry","description-off"],"acf":[],"yoast_head":"<!-- This site is optimized with the Yoast SEO plugin v19.14 - https:\/\/yoast.com\/wordpress\/plugins\/seo\/ -->\n<title>Workshops for professionals - Kalamata Dance Festival<\/title>\n<meta name=\"description\" content=\"Discover all about the workshops for professionals of the 27th Kalamata Dance Festival. From 16 to 25 July2021.\" \/>\n<meta name=\"robots\" content=\"noindex, follow, max-snippet:-1, max-image-preview:large, max-video-preview:-1\" \/>\n<meta property=\"og:locale\" content=\"en_US\" \/>\n<meta property=\"og:type\" content=\"article\" \/>\n<meta property=\"og:title\" content=\"Workshops for professionals - Kalamata Dance Festival\" \/>\n<meta property=\"og:description\" content=\"Discover all about the workshops for professionals of the 27th Kalamata Dance Festival. From 16 to 25 July2021.\" \/>\n<meta property=\"og:url\" content=\"https:\/\/2021.kalamatadancefestival.gr\/en\/workshops\/\" \/>\n<meta property=\"og:site_name\" content=\"Kalamata Dance Festival\" \/>\n<meta property=\"article:modified_time\" content=\"2021-05-31T07:32:39+00:00\" \/>\n<meta property=\"og:image\" content=\"https:\/\/2021.kalamatadancefestival.gr\/wp-content\/uploads\/2021\/05\/imatge_share_performances.jpg\" \/>\n\t<meta property=\"og:image:width\" content=\"600\" \/>\n\t<meta property=\"og:image:height\" content=\"315\" \/>\n\t<meta property=\"og:image:type\" content=\"image\/jpeg\" \/>\n<meta name=\"twitter:card\" content=\"summary_large_image\" \/>\n<script type=\"application\/ld+json\" class=\"yoast-schema-graph\">{\"@context\":\"https:\/\/schema.org\",\"@graph\":[{\"@type\":\"WebPage\",\"@id\":\"https:\/\/2021.kalamatadancefestival.gr\/en\/workshops\/\",\"url\":\"https:\/\/2021.kalamatadancefestival.gr\/en\/workshops\/\",\"name\":\"Workshops for professionals - Kalamata Dance Festival\",\"isPartOf\":{\"@id\":\"https:\/\/2021.kalamatadancefestival.gr\/#website\"},\"datePublished\":\"2021-04-26T08:28:12+00:00\",\"dateModified\":\"2021-05-31T07:32:39+00:00\",\"description\":\"Discover all about the workshops for professionals of the 27th Kalamata Dance Festival. From 16 to 25 July2021.\",\"breadcrumb\":{\"@id\":\"https:\/\/2021.kalamatadancefestival.gr\/en\/workshops\/#breadcrumb\"},\"inLanguage\":\"en-US\",\"potentialAction\":[{\"@type\":\"ReadAction\",\"target\":[\"https:\/\/2021.kalamatadancefestival.gr\/en\/workshops\/\"]}]},{\"@type\":\"BreadcrumbList\",\"@id\":\"https:\/\/2021.kalamatadancefestival.gr\/en\/workshops\/#breadcrumb\",\"itemListElement\":[{\"@type\":\"ListItem\",\"position\":1,\"name\":\"Home\",\"item\":\"https:\/\/2021.kalamatadancefestival.gr\/en\/\"},{\"@type\":\"ListItem\",\"position\":2,\"name\":\"KDF professionals\"}]},{\"@type\":\"WebSite\",\"@id\":\"https:\/\/2021.kalamatadancefestival.gr\/#website\",\"url\":\"https:\/\/2021.kalamatadancefestival.gr\/\",\"name\":\"Kalamata Dance Festival\",\"description\":\"Un altre lloc gestionat amb el WordPress\",\"publisher\":{\"@id\":\"https:\/\/2021.kalamatadancefestival.gr\/#organization\"},\"potentialAction\":[{\"@type\":\"SearchAction\",\"target\":{\"@type\":\"EntryPoint\",\"urlTemplate\":\"https:\/\/2021.kalamatadancefestival.gr\/?s={search_term_string}\"},\"query-input\":\"required name=search_term_string\"}],\"inLanguage\":\"en-US\"},{\"@type\":\"Organization\",\"@id\":\"https:\/\/2021.kalamatadancefestival.gr\/#organization\",\"name\":\"Kalamata Dance Festival\",\"url\":\"https:\/\/2021.kalamatadancefestival.gr\/\",\"logo\":{\"@type\":\"ImageObject\",\"inLanguage\":\"en-US\",\"@id\":\"https:\/\/2021.kalamatadancefestival.gr\/#\/schema\/logo\/image\/\",\"url\":\"https:\/\/2021.kalamatadancefestival.gr\/wp-content\/uploads\/2021\/05\/imatge_share_previous_editions.jpg\",\"contentUrl\":\"https:\/\/2021.kalamatadancefestival.gr\/wp-content\/uploads\/2021\/05\/imatge_share_previous_editions.jpg\",\"width\":600,\"height\":315,\"caption\":\"Kalamata Dance Festival\"},\"image\":{\"@id\":\"https:\/\/2021.kalamatadancefestival.gr\/#\/schema\/logo\/image\/\"}}]}<\/script>\n<!-- \/ Yoast SEO plugin. -->","yoast_head_json":{"title":"Workshops for professionals - Kalamata Dance Festival","description":"Discover all about the workshops for professionals of the 27th Kalamata Dance Festival. From 16 to 25 July2021.","robots":{"index":"noindex","follow":"follow","max-snippet":"max-snippet:-1","max-image-preview":"max-image-preview:large","max-video-preview":"max-video-preview:-1"},"og_locale":"en_US","og_type":"article","og_title":"Workshops for professionals - Kalamata Dance Festival","og_description":"Discover all about the workshops for professionals of the 27th Kalamata Dance Festival. From 16 to 25 July2021.","og_url":"https:\/\/2021.kalamatadancefestival.gr\/en\/workshops\/","og_site_name":"Kalamata Dance Festival","article_modified_time":"2021-05-31T07:32:39+00:00","og_image":[{"width":600,"height":315,"url":"https:\/\/2021.kalamatadancefestival.gr\/wp-content\/uploads\/2021\/05\/imatge_share_performances.jpg","type":"image\/jpeg"}],"twitter_card":"summary_large_image","schema":{"@context":"https:\/\/schema.org","@graph":[{"@type":"WebPage","@id":"https:\/\/2021.kalamatadancefestival.gr\/en\/workshops\/","url":"https:\/\/2021.kalamatadancefestival.gr\/en\/workshops\/","name":"Workshops for professionals - Kalamata Dance Festival","isPartOf":{"@id":"https:\/\/2021.kalamatadancefestival.gr\/#website"},"datePublished":"2021-04-26T08:28:12+00:00","dateModified":"2021-05-31T07:32:39+00:00","description":"Discover all about the workshops for professionals of the 27th Kalamata Dance Festival. From 16 to 25 July2021.","breadcrumb":{"@id":"https:\/\/2021.kalamatadancefestival.gr\/en\/workshops\/#breadcrumb"},"inLanguage":"en-US","potentialAction":[{"@type":"ReadAction","target":["https:\/\/2021.kalamatadancefestival.gr\/en\/workshops\/"]}]},{"@type":"BreadcrumbList","@id":"https:\/\/2021.kalamatadancefestival.gr\/en\/workshops\/#breadcrumb","itemListElement":[{"@type":"ListItem","position":1,"name":"Home","item":"https:\/\/2021.kalamatadancefestival.gr\/en\/"},{"@type":"ListItem","position":2,"name":"KDF professionals"}]},{"@type":"WebSite","@id":"https:\/\/2021.kalamatadancefestival.gr\/#website","url":"https:\/\/2021.kalamatadancefestival.gr\/","name":"Kalamata Dance Festival","description":"Un altre lloc gestionat amb el WordPress","publisher":{"@id":"https:\/\/2021.kalamatadancefestival.gr\/#organization"},"potentialAction":[{"@type":"SearchAction","target":{"@type":"EntryPoint","urlTemplate":"https:\/\/2021.kalamatadancefestival.gr\/?s={search_term_string}"},"query-input":"required name=search_term_string"}],"inLanguage":"en-US"},{"@type":"Organization","@id":"https:\/\/2021.kalamatadancefestival.gr\/#organization","name":"Kalamata Dance Festival","url":"https:\/\/2021.kalamatadancefestival.gr\/","logo":{"@type":"ImageObject","inLanguage":"en-US","@id":"https:\/\/2021.kalamatadancefestival.gr\/#\/schema\/logo\/image\/","url":"https:\/\/2021.kalamatadancefestival.gr\/wp-content\/uploads\/2021\/05\/imatge_share_previous_editions.jpg","contentUrl":"https:\/\/2021.kalamatadancefestival.gr\/wp-content\/uploads\/2021\/05\/imatge_share_previous_editions.jpg","width":600,"height":315,"caption":"Kalamata Dance Festival"},"image":{"@id":"https:\/\/2021.kalamatadancefestival.gr\/#\/schema\/logo\/image\/"}}]}},"_links":{"self":[{"href":"https:\/\/2021.kalamatadancefestival.gr\/en\/wp-json\/wp\/v2\/pages\/1190","targetHints":{"allow":["GET"]}}],"collection":[{"href":"https:\/\/2021.kalamatadancefestival.gr\/en\/wp-json\/wp\/v2\/pages"}],"about":[{"href":"https:\/\/2021.kalamatadancefestival.gr\/en\/wp-json\/wp\/v2\/types\/page"}],"author":[{"embeddable":true,"href":"https:\/\/2021.kalamatadancefestival.gr\/en\/wp-json\/wp\/v2\/users\/1"}],"replies":[{"embeddable":true,"href":"https:\/\/2021.kalamatadancefestival.gr\/en\/wp-json\/wp\/v2\/comments?post=1190"}],"version-history":[{"count":2,"href":"https:\/\/2021.kalamatadancefestival.gr\/en\/wp-json\/wp\/v2\/pages\/1190\/revisions"}],"predecessor-version":[{"id":1192,"href":"https:\/\/2021.kalamatadancefestival.gr\/en\/wp-json\/wp\/v2\/pages\/1190\/revisions\/1192"}],"wp:featuredmedia":[{"embeddable":true,"href":"https:\/\/2021.kalamatadancefestival.gr\/en\/wp-json\/wp\/v2\/media\/2174"}],"wp:attachment":[{"href":"https:\/\/2021.kalamatadancefestival.gr\/en\/wp-json\/wp\/v2\/media?parent=1190"}],"curies":[{"name":"wp","href":"https:\/\/api.w.org\/{rel}","templated":true}]}}